{"id":45,"date":"2025-10-31T19:42:59","date_gmt":"2025-10-31T19:42:59","guid":{"rendered":"https:\/\/nacashovi.com.br\/tvaltotiete\/contato-2\/"},"modified":"2025-11-01T15:34:05","modified_gmt":"2025-11-01T15:34:05","slug":"contato-2","status":"publish","type":"page","link":"https:\/\/nacashovi.com.br\/tvaltotiete\/contato-2\/","title":{"rendered":"Contato"},"content":{"rendered":"\n<div class=\"wp-block-group alignfull has-background-background-color has-background is-layout-constrained wp-block-group-is-layout-constrained\" id=\"contato\" style=\"margin-top:0;margin-bottom:0;padding-top:var(--wp--preset--spacing--60);padding-bottom:var(--wp--preset--spacing--60)\">\n<div class=\"wp-block-columns alignwide is-layout-flex wp-container-core-columns-is-layout-08c01c1c wp-block-columns-is-layout-flex\">\n<div class=\"wp-block-column is-layout-flow wp-block-column-is-layout-flow\" style=\"flex-basis:40%\">\n<h2 class=\"wp-block-heading has-large-font-size\">Comprometidos com responsabilidade e inova\u00e7\u00e3o<\/h2>\n\n\n\n<p style=\"margin-top:16px\">Encontre aqui todos os nossos contatos, do endere\u00e7o f\u00edsico aos canais digitais, para que voc\u00ea fale conosco com total facilidade e rapidez.<\/p>\n<\/div>\n\n\n\n<div class=\"wp-block-column is-layout-flow wp-block-column-is-layout-flow\">\n<div class=\"wp-block-group is-layout-constrained wp-container-core-group-is-layout-52009084 wp-block-group-is-layout-constrained\" style=\"border-width:1px;padding-top:var(--wp--preset--spacing--40);padding-right:var(--wp--preset--spacing--40);padding-bottom:var(--wp--preset--spacing--40);padding-left:var(--wp--preset--spacing--40)\">\n<div class=\"wp-block-contact-form-7-contact-form-selector\">\n<div class=\"wpcf7 no-js\" id=\"wpcf7-f347-o1\" lang=\"en-US\" dir=\"ltr\" data-wpcf7-id=\"347\">\n<div class=\"screen-reader-response\"><p role=\"status\" aria-live=\"polite\" aria-atomic=\"true\"><\/p> <ul><\/ul><\/div>\n<form action=\"\/tvaltotiete\/wp-json\/wp\/v2\/pages\/45#wpcf7-f347-o1\" method=\"post\" class=\"wpcf7-form init\" aria-label=\"Contact form\" novalidate=\"novalidate\" data-status=\"init\">\n<fieldset class=\"hidden-fields-container\"><input type=\"hidden\" name=\"_wpcf7\" value=\"347\" \/><input type=\"hidden\" name=\"_wpcf7_version\" value=\"6.1.3\" \/><input type=\"hidden\" name=\"_wpcf7_locale\" value=\"en_US\" \/><input type=\"hidden\" name=\"_wpcf7_unit_tag\" value=\"wpcf7-f347-o1\" \/><input type=\"hidden\" name=\"_wpcf7_container_post\" value=\"0\" \/><input type=\"hidden\" name=\"_wpcf7_posted_data_hash\" value=\"\" \/>\n<\/fieldset>\n<p><label> Seu nome<br \/>\n<span class=\"wpcf7-form-control-wrap\" data-name=\"your-name\"><input size=\"40\" maxlength=\"400\" class=\"wpcf7-form-control wpcf7-text wpcf7-validates-as-required\" autocomplete=\"name\" aria-required=\"true\" aria-invalid=\"false\" value=\"\" type=\"text\" name=\"your-name\" \/><\/span> <\/label>\n<\/p>\n<p><label> Seu Email<br \/>\n<span class=\"wpcf7-form-control-wrap\" data-name=\"your-email\"><input size=\"40\" maxlength=\"400\" class=\"wpcf7-form-control wpcf7-email wpcf7-validates-as-required wpcf7-text wpcf7-validates-as-email\" autocomplete=\"email\" aria-required=\"true\" aria-invalid=\"false\" value=\"\" type=\"email\" name=\"your-email\" \/><\/span> <\/label>\n<\/p>\n<p><label> T\u00edtulo<br \/>\n<span class=\"wpcf7-form-control-wrap\" data-name=\"your-subject\"><input size=\"40\" maxlength=\"400\" class=\"wpcf7-form-control wpcf7-text wpcf7-validates-as-required\" aria-required=\"true\" aria-invalid=\"false\" value=\"\" type=\"text\" name=\"your-subject\" \/><\/span> <\/label>\n<\/p>\n<p><label> Sua Mensagem (optional)<br \/>\n<span class=\"wpcf7-form-control-wrap\" data-name=\"your-message\"><textarea cols=\"40\" rows=\"10\" maxlength=\"2000\" class=\"wpcf7-form-control wpcf7-textarea\" aria-invalid=\"false\" name=\"your-message\"><\/textarea><\/span> <\/label>\n<\/p>\n<p><input class=\"wpcf7-form-control wpcf7-submit has-spinner\" type=\"submit\" value=\"Enviar\" \/>\n<\/p><div class=\"wpcf7-response-output\" aria-hidden=\"true\"><\/div>\n<\/form>\n<\/div>\n<\/div>\n<\/div>\n<\/div>\n<\/div>\n<\/div>\n\n\n\n<p><\/p>\n","protected":false},"excerpt":{"rendered":"<p>Comprometidos com responsabilidade e inova\u00e7\u00e3o Encontre aqui todos os nossos contatos, do endere\u00e7o f\u00edsico aos canais digitais, para que voc\u00ea fale conosco com total facilidade e rapidez.<\/p>\n","protected":false},"author":1,"featured_media":0,"parent":0,"menu_order":0,"comment_status":"closed","ping_status":"closed","template":"","meta":{"footnotes":""},"class_list":["post-45","page","type-page","status-publish","hentry"],"yoast_head":"<!-- This site is optimized with the Yoast SEO plugin v27.2 - https:\/\/yoast.com\/product\/yoast-seo-wordpress\/ -->\n<title>Contato - NACASHOVI TV - ALTO TIET\u00ca<\/title>\n<meta name=\"robots\" content=\"index, follow, max-snippet:-1, max-image-preview:large, max-video-preview:-1\" \/>\n<link rel=\"canonical\" href=\"https:\/\/nacashovi.com.br\/tvaltotiete\/contato-2\/\" \/>\n<meta property=\"og:locale\" content=\"pt_BR\" \/>\n<meta property=\"og:type\" content=\"article\" \/>\n<meta property=\"og:title\" content=\"Contato - NACASHOVI TV - ALTO TIET\u00ca\" \/>\n<meta property=\"og:description\" content=\"Comprometidos com responsabilidade e inova\u00e7\u00e3o Encontre aqui todos os nossos contatos, do endere\u00e7o f\u00edsico aos canais digitais, para que voc\u00ea fale conosco com total facilidade e rapidez.\" \/>\n<meta property=\"og:url\" content=\"https:\/\/nacashovi.com.br\/tvaltotiete\/contato-2\/\" \/>\n<meta property=\"og:site_name\" content=\"NACASHOVI TV - ALTO TIET\u00ca\" \/>\n<meta property=\"article:modified_time\" content=\"2025-11-01T15:34:05+00:00\" \/>\n<meta name=\"twitter:card\" content=\"summary_large_image\" \/>\n<meta name=\"twitter:label1\" content=\"Est. tempo de leitura\" \/>\n\t<meta name=\"twitter:data1\" content=\"1 minuto\" \/>\n<script type=\"application\/ld+json\" class=\"yoast-schema-graph\">{\"@context\":\"https:\/\/schema.org\",\"@graph\":[{\"@type\":\"WebPage\",\"@id\":\"https:\/\/nacashovi.com.br\/tvaltotiete\/contato-2\/\",\"url\":\"https:\/\/nacashovi.com.br\/tvaltotiete\/contato-2\/\",\"name\":\"Contato - NACASHOVI TV - ALTO TIET\u00ca\",\"isPartOf\":{\"@id\":\"https:\/\/nacashovi.com.br\/tvaltotiete\/#website\"},\"datePublished\":\"2025-10-31T19:42:59+00:00\",\"dateModified\":\"2025-11-01T15:34:05+00:00\",\"breadcrumb\":{\"@id\":\"https:\/\/nacashovi.com.br\/tvaltotiete\/contato-2\/#breadcrumb\"},\"inLanguage\":\"pt-BR\",\"potentialAction\":[{\"@type\":\"ReadAction\",\"target\":[\"https:\/\/nacashovi.com.br\/tvaltotiete\/contato-2\/\"]}]},{\"@type\":\"BreadcrumbList\",\"@id\":\"https:\/\/nacashovi.com.br\/tvaltotiete\/contato-2\/#breadcrumb\",\"itemListElement\":[{\"@type\":\"ListItem\",\"position\":1,\"name\":\"In\u00edcio\",\"item\":\"https:\/\/nacashovi.com.br\/tvaltotiete\/\"},{\"@type\":\"ListItem\",\"position\":2,\"name\":\"Contato\"}]},{\"@type\":\"WebSite\",\"@id\":\"https:\/\/nacashovi.com.br\/tvaltotiete\/#website\",\"url\":\"https:\/\/nacashovi.com.br\/tvaltotiete\/\",\"name\":\"NACASHOVI TV - ALTO TIET\u00ca\",\"description\":\"Praticando Cidadania com Responsabilidade\",\"publisher\":{\"@id\":\"https:\/\/nacashovi.com.br\/tvaltotiete\/#organization\"},\"potentialAction\":[{\"@type\":\"SearchAction\",\"target\":{\"@type\":\"EntryPoint\",\"urlTemplate\":\"https:\/\/nacashovi.com.br\/tvaltotiete\/?s={search_term_string}\"},\"query-input\":{\"@type\":\"PropertyValueSpecification\",\"valueRequired\":true,\"valueName\":\"search_term_string\"}}],\"inLanguage\":\"pt-BR\"},{\"@type\":\"Organization\",\"@id\":\"https:\/\/nacashovi.com.br\/tvaltotiete\/#organization\",\"name\":\"NACASHOVI TV - ALTO TIET\u00ca\",\"url\":\"https:\/\/nacashovi.com.br\/tvaltotiete\/\",\"logo\":{\"@type\":\"ImageObject\",\"inLanguage\":\"pt-BR\",\"@id\":\"https:\/\/nacashovi.com.br\/tvaltotiete\/#\/schema\/logo\/image\/\",\"url\":\"https:\/\/nacashovi.com.br\/tvaltotiete\/wp-content\/uploads\/2026\/04\/N.png\",\"contentUrl\":\"https:\/\/nacashovi.com.br\/tvaltotiete\/wp-content\/uploads\/2026\/04\/N.png\",\"width\":718,\"height\":868,\"caption\":\"NACASHOVI TV - ALTO TIET\u00ca\"},\"image\":{\"@id\":\"https:\/\/nacashovi.com.br\/tvaltotiete\/#\/schema\/logo\/image\/\"}}]}<\/script>\n<!-- \/ Yoast SEO plugin. -->","yoast_head_json":{"title":"Contato - NACASHOVI TV - ALTO TIET\u00ca","robots":{"index":"index","follow":"follow","max-snippet":"max-snippet:-1","max-image-preview":"max-image-preview:large","max-video-preview":"max-video-preview:-1"},"canonical":"https:\/\/nacashovi.com.br\/tvaltotiete\/contato-2\/","og_locale":"pt_BR","og_type":"article","og_title":"Contato - NACASHOVI TV - ALTO TIET\u00ca","og_description":"Comprometidos com responsabilidade e inova\u00e7\u00e3o Encontre aqui todos os nossos contatos, do endere\u00e7o f\u00edsico aos canais digitais, para que voc\u00ea fale conosco com total facilidade e rapidez.","og_url":"https:\/\/nacashovi.com.br\/tvaltotiete\/contato-2\/","og_site_name":"NACASHOVI TV - ALTO TIET\u00ca","article_modified_time":"2025-11-01T15:34:05+00:00","twitter_card":"summary_large_image","twitter_misc":{"Est. tempo de leitura":"1 minuto"},"schema":{"@context":"https:\/\/schema.org","@graph":[{"@type":"WebPage","@id":"https:\/\/nacashovi.com.br\/tvaltotiete\/contato-2\/","url":"https:\/\/nacashovi.com.br\/tvaltotiete\/contato-2\/","name":"Contato - NACASHOVI TV - ALTO TIET\u00ca","isPartOf":{"@id":"https:\/\/nacashovi.com.br\/tvaltotiete\/#website"},"datePublished":"2025-10-31T19:42:59+00:00","dateModified":"2025-11-01T15:34:05+00:00","breadcrumb":{"@id":"https:\/\/nacashovi.com.br\/tvaltotiete\/contato-2\/#breadcrumb"},"inLanguage":"pt-BR","potentialAction":[{"@type":"ReadAction","target":["https:\/\/nacashovi.com.br\/tvaltotiete\/contato-2\/"]}]},{"@type":"BreadcrumbList","@id":"https:\/\/nacashovi.com.br\/tvaltotiete\/contato-2\/#breadcrumb","itemListElement":[{"@type":"ListItem","position":1,"name":"In\u00edcio","item":"https:\/\/nacashovi.com.br\/tvaltotiete\/"},{"@type":"ListItem","position":2,"name":"Contato"}]},{"@type":"WebSite","@id":"https:\/\/nacashovi.com.br\/tvaltotiete\/#website","url":"https:\/\/nacashovi.com.br\/tvaltotiete\/","name":"NACASHOVI TV - ALTO TIET\u00ca","description":"Praticando Cidadania com Responsabilidade","publisher":{"@id":"https:\/\/nacashovi.com.br\/tvaltotiete\/#organization"},"potentialAction":[{"@type":"SearchAction","target":{"@type":"EntryPoint","urlTemplate":"https:\/\/nacashovi.com.br\/tvaltotiete\/?s={search_term_string}"},"query-input":{"@type":"PropertyValueSpecification","valueRequired":true,"valueName":"search_term_string"}}],"inLanguage":"pt-BR"},{"@type":"Organization","@id":"https:\/\/nacashovi.com.br\/tvaltotiete\/#organization","name":"NACASHOVI TV - ALTO TIET\u00ca","url":"https:\/\/nacashovi.com.br\/tvaltotiete\/","logo":{"@type":"ImageObject","inLanguage":"pt-BR","@id":"https:\/\/nacashovi.com.br\/tvaltotiete\/#\/schema\/logo\/image\/","url":"https:\/\/nacashovi.com.br\/tvaltotiete\/wp-content\/uploads\/2026\/04\/N.png","contentUrl":"https:\/\/nacashovi.com.br\/tvaltotiete\/wp-content\/uploads\/2026\/04\/N.png","width":718,"height":868,"caption":"NACASHOVI TV - ALTO TIET\u00ca"},"image":{"@id":"https:\/\/nacashovi.com.br\/tvaltotiete\/#\/schema\/logo\/image\/"}}]}},"_links":{"self":[{"href":"https:\/\/nacashovi.com.br\/tvaltotiete\/wp-json\/wp\/v2\/pages\/45","targetHints":{"allow":["GET"]}}],"collection":[{"href":"https:\/\/nacashovi.com.br\/tvaltotiete\/wp-json\/wp\/v2\/pages"}],"about":[{"href":"https:\/\/nacashovi.com.br\/tvaltotiete\/wp-json\/wp\/v2\/types\/page"}],"author":[{"embeddable":true,"href":"https:\/\/nacashovi.com.br\/tvaltotiete\/wp-json\/wp\/v2\/users\/1"}],"replies":[{"embeddable":true,"href":"https:\/\/nacashovi.com.br\/tvaltotiete\/wp-json\/wp\/v2\/comments?post=45"}],"version-history":[{"count":1,"href":"https:\/\/nacashovi.com.br\/tvaltotiete\/wp-json\/wp\/v2\/pages\/45\/revisions"}],"predecessor-version":[{"id":425,"href":"https:\/\/nacashovi.com.br\/tvaltotiete\/wp-json\/wp\/v2\/pages\/45\/revisions\/425"}],"wp:attachment":[{"href":"https:\/\/nacashovi.com.br\/tvaltotiete\/wp-json\/wp\/v2\/media?parent=45"}],"curies":[{"name":"wp","href":"https:\/\/api.w.org\/{rel}","templated":true}]}}